{"id":94,"date":"2018-07-04T13:09:11","date_gmt":"2018-07-04T13:09:11","guid":{"rendered":"http:\/\/videojocs.org\/?page_id=8"},"modified":"2019-07-23T20:43:32","modified_gmt":"2019-07-23T18:43:32","slug":"quant-a","status":"publish","type":"page","link":"https:\/\/minecraft.fcri.cat\/index.php\/quant-a\/","title":{"rendered":"Sobre el projecte"},"content":{"rendered":"\n<figure class=\"wp-block-image\"><img loading=\"lazy\" decoding=\"async\" width=\"960\" height=\"540\" src=\"http:\/\/minecraft.fcri.cat\/wp-content\/uploads\/2018\/10\/destac_about.png\" alt=\"\" class=\"wp-image-505\" srcset=\"https:\/\/minecraft.fcri.cat\/wp-content\/uploads\/2018\/10\/destac_about.png 960w, https:\/\/minecraft.fcri.cat\/wp-content\/uploads\/2018\/10\/destac_about-300x169.png 300w, https:\/\/minecraft.fcri.cat\/wp-content\/uploads\/2018\/10\/destac_about-768x432.png 768w\" sizes=\"(max-width: 960px) 100vw, 960px\" \/><\/figure>\n\n\n<p>Videojocs i Educaci\u00f3 com a projecte, el canal de Youtube amb el mateix nom, i la p\u00e0gina web http:\/\/minecraft.funcadiorecerca.cat en la que ens trobem, formen part d&#8217;un projecte que, amb el suport de la Fundaci\u00f3 Catalana per a la Recerca i la Innovaci\u00f3 (<a href=\"https:\/\/www.fundaciorecerca.cat\/ca\/\" target=\"_blank\" rel=\"noopener noreferrer\">web<\/a>), pret\u00e9n acostar l&#8217;\u00fas dels videojocs comercials a l&#8217;educaci\u00f3 en el marc de la cultura catalana.<\/p>\n<p>Amb aquesta intenci\u00f3, s&#8217;ofereixen un seguit de recursos de diferents tipus per a acomplir dos objectius principals. En primer lloc, acostar els videojocs als professors i docents ensenyant-los a jugar, a con\u00e8ixer l&#8217;ecosistema dels videojocs i a destriar quins s\u00f3n els m\u00e9s \u00fatils per a implementar projectes educatius. En segon lloc aportar la informaci\u00f3 i els recursos necessaris per a la creaci\u00f3 de din\u00e0miques educatives pr\u00f2pies, personalitzades i adaptades a les necessitats particulars de cada centre, grup o entorn educatiu.<\/p>\n<p>Per a fer aquests objectius assumibles s&#8217;ofereixen diferents tipus de recursos:<\/p>\n<ol>\n<li>S\u00e8ries formatives en les que ataquem diferents aspectes importants dels videojocs i l&#8217;educaci\u00f3. Des de l&#8217;an\u00e0lisi i la tria de videojocs comercials, fins a la construcci\u00f3 de mons personalitzats amb entorns com el del videojoc Minecraft. S\u00e8ries de tutorials sobre com jugar i crear activitats amb videojocs, altres de conceptes t\u00e8cnics imprescindibles per a la creaci\u00f3 d&#8217;un entorn tecnol\u00f2gic apte per a l&#8217;educaci\u00f3 i altres enfocades a crear debats i potenciar la reflexi\u00f3 a l&#8217;entorn de les noves eines pedag\u00f2giques i el seus usos educatius.<\/li>\n<li>Activitats llestes per a usar en els videojocs treballats acompanyades del suport textual i gr\u00e0fic necessari per a implementar-les amb garanties. Classificades per videojoc per\u00f2 tamb\u00e9 per tem\u00e0tiques i objectius pedag\u00f2gics concrets. Activitats destinades a l&#8217;aprenentatge per descobriment per\u00f2 que tamb\u00e9 permeten aplicar conceptes pedag\u00f2gics m\u00e9s cl\u00e0ssics. Des de l&#8217;aprenentatge sobre els ecosistemes naturals, l&#8217;evoluci\u00f3 antropol\u00f2gica, la creaci\u00f3 col\u00b7lectiva, l&#8217;evoluci\u00f3 social, la mec\u00e0nica b\u00e0sica, etc. etc. Gaireb\u00e9 tots els conceptes, compet\u00e8ncies i interessos educatius poden ser treballats amb els videojocs.<\/li>\n<li>Servidor de treball i aprenentatge de Minecraft per a aprendre els grans conceptes del joc i de l&#8217;educaci\u00f3 amb videojocs. Un servidor propi que ofereix activitats per a docents per a aprendre a jugar, con\u00e8ixer les possibilitats de Minecraft, etc. en un entorn que pret\u00e9n esdevenir un espai de debat, comentari, compartici\u00f3 d&#8217;experi\u00e8ncies entre docents i proves i test de possibles activitats futures.<\/li>\n<\/ol>\n<p>Aquests recursos s\u00f3n gratu\u00efts i de lliure acc\u00e9s, disponibles per a qualsevol que hi vulgui accedir<\/p>\n<p>Tot aix\u00f2 en Catal\u00e0, en un marc que t\u00e9 en compte la nostra llengua, la nostra cultura i aquells aspectes importants de la educaci\u00f3 a casa nostra.<\/p>","protected":false},"excerpt":{"rendered":"<p>Videojocs i Educaci\u00f3 com a projecte, el canal de Youtube amb el mateix nom, i la p\u00e0gina web http:\/\/minecraft.funcadiorecerca.cat en la que ens trobem, formen part d&#8217;un projecte que, amb el suport de la Fundaci\u00f3 Catalana per a la Recerca i la Innovaci\u00f3 (web), pret\u00e9n acostar l&#8217;\u00fas dels videojocs comercials a l&#8217;educaci\u00f3 en el marc [&hellip;]<\/p>\n","protected":false},"author":3,"featured_media":0,"parent":0,"menu_order":11,"comment_status":"closed","ping_status":"closed","template":"","meta":{"footnotes":""},"class_list":["post-94","page","type-page","status-publish","hentry"],"featured_image_src":null,"featured_image_src_square":null,"_links":{"self":[{"href":"https:\/\/minecraft.fcri.cat\/index.php\/wp-json\/wp\/v2\/pages\/94"}],"collection":[{"href":"https:\/\/minecraft.fcri.cat\/index.php\/wp-json\/wp\/v2\/pages"}],"about":[{"href":"https:\/\/minecraft.fcri.cat\/index.php\/wp-json\/wp\/v2\/types\/page"}],"author":[{"embeddable":true,"href":"https:\/\/minecraft.fcri.cat\/index.php\/wp-json\/wp\/v2\/users\/3"}],"replies":[{"embeddable":true,"href":"https:\/\/minecraft.fcri.cat\/index.php\/wp-json\/wp\/v2\/comments?post=94"}],"version-history":[{"count":1,"href":"https:\/\/minecraft.fcri.cat\/index.php\/wp-json\/wp\/v2\/pages\/94\/revisions"}],"predecessor-version":[{"id":1289,"href":"https:\/\/minecraft.fcri.cat\/index.php\/wp-json\/wp\/v2\/pages\/94\/revisions\/1289"}],"wp:attachment":[{"href":"https:\/\/minecraft.fcri.cat\/index.php\/wp-json\/wp\/v2\/media?parent=94"}],"curies":[{"name":"wp","href":"https:\/\/api.w.org\/{rel}","templated":true}]}}